{"id":16,"date":"2026-04-25T09:11:59","date_gmt":"2026-04-25T09:11:59","guid":{"rendered":"http:\/\/www.keskisenkievari.fi\/?page_id=16"},"modified":"2026-05-07T07:34:12","modified_gmt":"2026-05-07T07:34:12","slug":"16-2","status":"publish","type":"page","link":"http:\/\/www.keskisenkievari.fi\/","title":{"rendered":"Keskisen Kievari"},"content":{"rendered":"\n<div class=\"wp-block-group alignfull is-style-section-1 has-global-padding is-layout-constrained wp-container-core-group-is-layout-cdf985e3 wp-block-group-is-layout-constrained is-style-section-1--1\" style=\"min-height:100vh;margin-top:0;margin-bottom:0;padding-top:var(--wp--preset--spacing--80);padding-right:var(--wp--preset--spacing--80);padding-bottom:var(--wp--preset--spacing--80);padding-left:var(--wp--preset--spacing--80)\">\n<div class=\"wp-block-columns alignwide are-vertically-aligned-center is-layout-flex wp-container-core-columns-is-layout-643ced6b wp-block-columns-is-layout-flex\">\n<div class=\"wp-block-column is-vertically-aligned-center is-layout-flow wp-block-column-is-layout-flow\">\n<figure class=\"wp-block-image aligncenter size-full is-resized\"><img loading=\"lazy\" decoding=\"async\" width=\"683\" height=\"646\" src=\"http:\/\/www.keskisenkievari.fi\/wp-content\/uploads\/2026\/04\/KK-Logo2.png\" alt=\"\" class=\"wp-image-14\" style=\"aspect-ratio:1.0572870596805244;width:511px;height:auto\" srcset=\"http:\/\/www.keskisenkievari.fi\/wp-content\/uploads\/2026\/04\/KK-Logo2.png 683w, http:\/\/www.keskisenkievari.fi\/wp-content\/uploads\/2026\/04\/KK-Logo2-300x284.png 300w\" sizes=\"auto, (max-width: 683px) 100vw, 683px\" \/><\/figure>\n<\/div>\n\n\n\n<div class=\"wp-block-column is-vertically-aligned-center is-layout-flow wp-block-column-is-layout-flow\">\n<div class=\"wp-block-group is-vertical is-content-justification-stretch is-layout-flex wp-container-core-group-is-layout-353c4f5a wp-block-group-is-layout-flex\">\n<h2 class=\"wp-block-heading has-text-align-left\">Lis\u00e4\u00e4 tietoa tulossa pian&#8230;<\/h2>\n\n\n\n<p>Keskisen Kievari on Majatalo kaupungissa, <br>Jyv\u00e4skyl\u00e4n Kuokkalassa, k\u00e4velymatkan p\u00e4\u00e4ss\u00e4<br>satamasta. <br><br>50-luvulla rakennetussa historiallisessa ja<br>tunnelmallisessa Keskisen tilan p\u00e4\u00e4rakennuksessa <br>tarjoamme majoitus-, virkistys- ja rentoutumispalveluita. <br><br><a href=\"https:\/\/www.airbnb.fi\/rooms\/1668650121169816506\">Majoitusvaraukset Airbnb:ss\u00e4<\/a><br><br><\/p>\n<\/div>\n<\/div>\n<\/div>\n<\/div>\n\n\n\n<div class=\"wp-block-columns alignwide is-layout-flex wp-container-core-columns-is-layout-28f84493 wp-block-columns-is-layout-flex\">\n<div class=\"wp-block-column is-layout-flow wp-block-column-is-layout-flow\"><\/div>\n\n\n\n<div class=\"wp-block-column is-layout-flow wp-block-column-is-layout-flow\"><\/div>\n<\/div>\n\n\n\n<hr class=\"wp-block-separator has-alpha-channel-opacity\"\/>\n\n\n<pre class=\"ti-widget\"><template id=\"trustindex-google-widget-html\"><div class=\" ti-widget  ti-goog ti-review-text-mode-readmore ti-text-align-left\" data-no-translation=\"true\" data-time-locale=\"%d %s sitten|t\u00e4n\u00e4\u00e4n|p\u00e4iv\u00e4|p\u00e4iv\u00e4\u00e4|viikko|viikkoa|kuukausi|kuukautta|vuosi|vuotta\" data-plugin-version=\"13.2.9\" data-layout-id=\"22\" data-layout-category=\"badge\" data-set-id=\"ligth-border\" data-pid=\"\" data-language=\"fi\" data-close-locale=\"Kiinni\" data-css-version=\"2\" data-size=\"1\"> <div class=\"ti-widget-container\"> <a href=\"https:\/\/admin.trustindex.io\/api\/googleReview?place-id=ChIJNf9i_Q1zhUYRnOekkLToC0M\" role=\"button\" target=\"_blank\" rel=\"noopener nofollow\" class=\"ti-header source-Google\"> <div class=\"ti-profile-img\"> <trustindex-image data-imgurl=\"https:\/\/lh3.googleusercontent.com\/-6T_clt6GO2U\/AAAAAAAAAAI\/AAAAAAAAAAA\/z7AeOIaZs_4\/s160-p-k-no-ns-nd\/photo.jpg\" alt=\"Keskisen Kievari\" loading=\"lazy\"><\/trustindex-image> <\/div> <div class=\"ti-profile-details\"> <div class=\"ti-name\"> Keskisen Kievari<\/div> <span class=\"ti-stars\"><trustindex-image class=\"ti-star\" data-imgurl=\"https:\/\/cdn.trustindex.io\/assets\/platform\/Google\/star\/f.svg\" alt=\"Google star 1\" width=\"17\" height=\"17\" loading=\"lazy\"><\/trustindex-image><trustindex-image class=\"ti-star\" data-imgurl=\"https:\/\/cdn.trustindex.io\/assets\/platform\/Google\/star\/f.svg\" alt=\"Google star 2\" width=\"17\" height=\"17\" loading=\"lazy\"><\/trustindex-image><trustindex-image class=\"ti-star\" data-imgurl=\"https:\/\/cdn.trustindex.io\/assets\/platform\/Google\/star\/f.svg\" alt=\"Google star 3\" width=\"17\" height=\"17\" loading=\"lazy\"><\/trustindex-image><trustindex-image class=\"ti-star\" data-imgurl=\"https:\/\/cdn.trustindex.io\/assets\/platform\/Google\/star\/f.svg\" alt=\"Google star 4\" width=\"17\" height=\"17\" loading=\"lazy\"><\/trustindex-image><trustindex-image class=\"ti-star\" data-imgurl=\"https:\/\/cdn.trustindex.io\/assets\/platform\/Google\/star\/f.svg\" alt=\"Google star 5\" width=\"17\" height=\"17\" loading=\"lazy\"><\/trustindex-image><\/span> <div class=\"ti-rating-text\"> <span class=\"nowrap\"><span class=\"underline\">1 Google arvostelut<\/span><\/span> <\/div> <\/div> <\/a> <\/div> <\/div> <\/template><\/pre><div data-src=\"https:\/\/cdn.trustindex.io\/loader.js?wp-widget\" data-template-id=\"trustindex-google-widget-html\" data-css-url=\"http:\/\/www.keskisenkievari.fi\/wp-content\/uploads\/trustindex-google-widget.css?1777111654\"><\/div>\n\n\n\n<p><\/p>\n","protected":false},"excerpt":{"rendered":"<p>Lis\u00e4\u00e4 tietoa tulossa pian&#8230; Keskisen Kievari on Majatalo kaupungissa, Jyv\u00e4skyl\u00e4n Kuokkalassa, k\u00e4velymatkan p\u00e4\u00e4ss\u00e4satamasta. 50-luvulla rakennetussa historiallisessa jatunnelmallisessa Keskisen tilan p\u00e4\u00e4rakennuksessa tarjoamme majoitus-, virkistys- ja rentoutumispalveluita. Majoitusvaraukset Airbnb:ss\u00e4<\/p>\n","protected":false},"author":1,"featured_media":0,"parent":0,"menu_order":0,"comment_status":"closed","ping_status":"closed","template":"page-no-title","meta":{"footnotes":""},"class_list":["post-16","page","type-page","status-publish","hentry"],"_links":{"self":[{"href":"http:\/\/www.keskisenkievari.fi\/index.php?rest_route=\/wp\/v2\/pages\/16","targetHints":{"allow":["GET"]}}],"collection":[{"href":"http:\/\/www.keskisenkievari.fi\/index.php?rest_route=\/wp\/v2\/pages"}],"about":[{"href":"http:\/\/www.keskisenkievari.fi\/index.php?rest_route=\/wp\/v2\/types\/page"}],"author":[{"embeddable":true,"href":"http:\/\/www.keskisenkievari.fi\/index.php?rest_route=\/wp\/v2\/users\/1"}],"replies":[{"embeddable":true,"href":"http:\/\/www.keskisenkievari.fi\/index.php?rest_route=%2Fwp%2Fv2%2Fcomments&post=16"}],"version-history":[{"count":16,"href":"http:\/\/www.keskisenkievari.fi\/index.php?rest_route=\/wp\/v2\/pages\/16\/revisions"}],"predecessor-version":[{"id":151,"href":"http:\/\/www.keskisenkievari.fi\/index.php?rest_route=\/wp\/v2\/pages\/16\/revisions\/151"}],"wp:attachment":[{"href":"http:\/\/www.keskisenkievari.fi\/index.php?rest_route=%2Fwp%2Fv2%2Fmedia&parent=16"}],"curies":[{"name":"wp","href":"https:\/\/api.w.org\/{rel}","templated":true}]}}